{"id":116,"date":"2015-06-28T19:58:55","date_gmt":"2015-06-28T19:58:55","guid":{"rendered":"http:\/\/lavisdartiste.com\/?page_id=116"},"modified":"2015-08-24T19:28:30","modified_gmt":"2015-08-24T19:28:30","slug":"avec-les-autres-peintres","status":"publish","type":"page","link":"https:\/\/lavisdartiste.com\/?page_id=116","title":{"rendered":"Avec les autres peintres"},"content":{"rendered":"<p>&nbsp;<\/p>\n<dl id=\"attachment_117\" class=\"wp-caption alignnone\" style=\"width: 474px;\">\n<dt class=\"wp-caption-dt\"><a href=\"https:\/\/lavisdartiste.com\/wp-content\/uploads\/2015\/06\/avec-Yves-Aubry1.jpg\"><img loading=\"lazy\" decoding=\"async\" class=\"alignnone wp-image-179\" src=\"https:\/\/lavisdartiste.com\/wp-content\/uploads\/2015\/06\/avec-Yves-Aubry1-1024x635.jpg\" alt=\"SONY DSC\" width=\"565\" height=\"351\" srcset=\"https:\/\/lavisdartiste.com\/wp-content\/uploads\/2015\/06\/avec-Yves-Aubry1-1024x635.jpg 1024w, https:\/\/lavisdartiste.com\/wp-content\/uploads\/2015\/06\/avec-Yves-Aubry1-300x186.jpg 300w\" sizes=\"auto, (max-width: 565px) 100vw, 565px\" \/><\/a><\/p>\n<\/dt>\n<\/dl>\n<dl class=\"wp-caption alignnone\" style=\"width: 474px;\">\n<dd class=\"wp-caption-dd\">\n<h6>Souvenir d&rsquo;une tr\u00e8s agr\u00e9able journ\u00e9e lors des peintres dans la rue<br \/>\n\u00e0 St Pierre sur Erve (53) &#8211;\u00a0 15 Ao\u00fbt 2015,<\/h6>\n<\/dd>\n<dd class=\"wp-caption-dd\">\n<h6>avec Yves Aubry &#8211; peintre aquarelliste<\/h6>\n<p>&nbsp;<\/p>\n<hr \/>\n<\/dd>\n<\/dl>\n<dl id=\"attachment_117\" class=\"wp-caption alignnone\" style=\"width: 474px;\">\n<dt class=\"wp-caption-dt\"><a class=\"wp-caption-dd\" href=\"https:\/\/lavisdartiste.com\/wp-content\/uploads\/2015\/06\/avec-Joel-Hamelin.jpg\"><img loading=\"lazy\" decoding=\"async\" class=\"wp-image-117 size-large\" src=\"https:\/\/lavisdartiste.com\/wp-content\/uploads\/2015\/06\/avec-Joel-Hamelin-844x1024.jpg\" alt=\"SONY DSC\" width=\"474\" height=\"575\" srcset=\"https:\/\/lavisdartiste.com\/wp-content\/uploads\/2015\/06\/avec-Joel-Hamelin-844x1024.jpg 844w, https:\/\/lavisdartiste.com\/wp-content\/uploads\/2015\/06\/avec-Joel-Hamelin-247x300.jpg 247w, https:\/\/lavisdartiste.com\/wp-content\/uploads\/2015\/06\/avec-Joel-Hamelin.jpg 2046w\" sizes=\"auto, (max-width: 474px) 100vw, 474px\" \/><\/a><\/dt>\n<\/dl>\n<dl id=\"attachment_117\" class=\"wp-caption alignnone\" style=\"width: 474px;\">\n<dd class=\"wp-caption-dd\">\n<h6>Souvenir de la rencontre des peintres \u00e0 Bagnoles de l&rsquo;Orne (juin 2015),<\/h6>\n<\/dd>\n<dd class=\"wp-caption-dd\">\n<h6>avec Jo\u00ebl Hamelin &#8211; peintre aquarelliste<\/h6>\n<\/dd>\n<\/dl>\n","protected":false},"excerpt":{"rendered":"<p>&nbsp; Souvenir d&rsquo;une tr\u00e8s agr\u00e9able journ\u00e9e lors des peintres dans la rue \u00e0 St Pierre sur Erve (53) &#8211;\u00a0 15 Ao\u00fbt 2015, avec Yves Aubry &#8211; peintre aquarelliste &nbsp; Souvenir de la rencontre des peintres \u00e0 Bagnoles de l&rsquo;Orne (juin 2015), avec Jo\u00ebl Hamelin &#8211; peintre aquarelliste<\/p>\n","protected":false},"author":1,"featured_media":0,"parent":0,"menu_order":0,"comment_status":"open","ping_status":"open","template":"","meta":{"footnotes":""},"class_list":["post-116","page","type-page","status-publish","hentry"],"_links":{"self":[{"href":"https:\/\/lavisdartiste.com\/index.php?rest_route=\/wp\/v2\/pages\/116","targetHints":{"allow":["GET"]}}],"collection":[{"href":"https:\/\/lavisdartiste.com\/index.php?rest_route=\/wp\/v2\/pages"}],"about":[{"href":"https:\/\/lavisdartiste.com\/index.php?rest_route=\/wp\/v2\/types\/page"}],"author":[{"embeddable":true,"href":"https:\/\/lavisdartiste.com\/index.php?rest_route=\/wp\/v2\/users\/1"}],"replies":[{"embeddable":true,"href":"https:\/\/lavisdartiste.com\/index.php?rest_route=%2Fwp%2Fv2%2Fcomments&post=116"}],"version-history":[{"count":5,"href":"https:\/\/lavisdartiste.com\/index.php?rest_route=\/wp\/v2\/pages\/116\/revisions"}],"predecessor-version":[{"id":180,"href":"https:\/\/lavisdartiste.com\/index.php?rest_route=\/wp\/v2\/pages\/116\/revisions\/180"}],"wp:attachment":[{"href":"https:\/\/lavisdartiste.com\/index.php?rest_route=%2Fwp%2Fv2%2Fmedia&parent=116"}],"curies":[{"name":"wp","href":"https:\/\/api.w.org\/{rel}","templated":true}]}}