{"id":2,"date":"2015-06-23T18:56:49","date_gmt":"2015-06-23T18:56:49","guid":{"rendered":"http:\/\/lavisdartiste.com\/?page_id=2"},"modified":"2025-09-08T16:54:33","modified_gmt":"2025-09-08T16:54:33","slug":"accueil-2","status":"publish","type":"page","link":"https:\/\/lavisdartiste.com\/","title":{"rendered":"Accueil"},"content":{"rendered":"<p><a href=\"https:\/\/lavisdartiste.com\/wp-content\/uploads\/2025\/09\/Arbres-etude-format-carre-scaled.jpg\"><img loading=\"lazy\" decoding=\"async\" class=\"alignnone wp-image-1423 size-full\" src=\"https:\/\/lavisdartiste.com\/wp-content\/uploads\/2025\/09\/Arbres-etude-format-carre-scaled.jpg\" alt=\"\" width=\"2560\" height=\"2513\" srcset=\"https:\/\/lavisdartiste.com\/wp-content\/uploads\/2025\/09\/Arbres-etude-format-carre-scaled.jpg 2560w, https:\/\/lavisdartiste.com\/wp-content\/uploads\/2025\/09\/Arbres-etude-format-carre-300x295.jpg 300w, https:\/\/lavisdartiste.com\/wp-content\/uploads\/2025\/09\/Arbres-etude-format-carre-1024x1005.jpg 1024w, https:\/\/lavisdartiste.com\/wp-content\/uploads\/2025\/09\/Arbres-etude-format-carre-1536x1508.jpg 1536w, https:\/\/lavisdartiste.com\/wp-content\/uploads\/2025\/09\/Arbres-etude-format-carre-2048x2011.jpg 2048w\" sizes=\"auto, (max-width: 2560px) 100vw, 2560px\" \/><\/a><\/p>\n<h6><em style=\"color: #3f3d45; line-height: 1.5;\">Chaque aquarelle est une aventure\u00a0<\/em><em style=\"color: #3f3d45; line-height: 1.5;\">o\u00f9 il faut accepter le l\u00e2cher prise<br \/>\n<\/em><em style=\"color: #3f3d45; line-height: 1.5;\">et oublier un instant son projet de d\u00e9part et se laisser guider par l\u2019eau.<br \/>\n<\/em><em style=\"color: #3f3d45; line-height: 1.5;\">L&rsquo;univers de l&rsquo;aquarelle ne s&rsquo;explique pas, il se ressent, se voit, \u00a0se vit\u2026<br \/>\n<\/em><\/h6>\n<h6><em>N&rsquo;h\u00e9sitez pas \u00e0 laisser vos commentaires<\/em><\/h6>\n<h6><em>Bonne visite \u00e0 tous !<\/em><\/h6>\n<p><em>Charles Ruel<\/em><\/p>\n","protected":false},"excerpt":{"rendered":"<p>Chaque aquarelle est une aventure\u00a0o\u00f9 il faut accepter le l\u00e2cher prise et oublier un instant son projet de d\u00e9part et se laisser guider par l\u2019eau. L&rsquo;univers de l&rsquo;aquarelle ne s&rsquo;explique pas, il se ressent, se voit, \u00a0se vit\u2026 N&rsquo;h\u00e9sitez pas \u00e0 laisser vos commentaires Bonne visite \u00e0 tous ! Charles Ruel<\/p>\n","protected":false},"author":1,"featured_media":0,"parent":0,"menu_order":1,"comment_status":"closed","ping_status":"closed","template":"","meta":{"footnotes":""},"class_list":["post-2","page","type-page","status-publish","hentry"],"_links":{"self":[{"href":"https:\/\/lavisdartiste.com\/index.php?rest_route=\/wp\/v2\/pages\/2","targetHints":{"allow":["GET"]}}],"collection":[{"href":"https:\/\/lavisdartiste.com\/index.php?rest_route=\/wp\/v2\/pages"}],"about":[{"href":"https:\/\/lavisdartiste.com\/index.php?rest_route=\/wp\/v2\/types\/page"}],"author":[{"embeddable":true,"href":"https:\/\/lavisdartiste.com\/index.php?rest_route=\/wp\/v2\/users\/1"}],"replies":[{"embeddable":true,"href":"https:\/\/lavisdartiste.com\/index.php?rest_route=%2Fwp%2Fv2%2Fcomments&post=2"}],"version-history":[{"count":63,"href":"https:\/\/lavisdartiste.com\/index.php?rest_route=\/wp\/v2\/pages\/2\/revisions"}],"predecessor-version":[{"id":1434,"href":"https:\/\/lavisdartiste.com\/index.php?rest_route=\/wp\/v2\/pages\/2\/revisions\/1434"}],"wp:attachment":[{"href":"https:\/\/lavisdartiste.com\/index.php?rest_route=%2Fwp%2Fv2%2Fmedia&parent=2"}],"curies":[{"name":"wp","href":"https:\/\/api.w.org\/{rel}","templated":true}]}}