{"id":53,"date":"2015-06-24T19:08:33","date_gmt":"2015-06-24T19:08:33","guid":{"rendered":"http:\/\/lavisdartiste.com\/?page_id=53"},"modified":"2024-09-09T12:59:04","modified_gmt":"2024-09-09T12:59:04","slug":"quelques-dates","status":"publish","type":"page","link":"https:\/\/lavisdartiste.com\/?page_id=53","title":{"rendered":"Expositions"},"content":{"rendered":"\n<p><\/p>\n\n\n\n<figure class=\"wp-block-image size-large\"><img loading=\"lazy\" decoding=\"async\" width=\"1024\" height=\"724\" src=\"https:\/\/lavisdartiste.com\/wp-content\/uploads\/2024\/09\/girois-2024-1024x724.jpg\" alt=\"\" class=\"wp-image-1347\" srcset=\"https:\/\/lavisdartiste.com\/wp-content\/uploads\/2024\/09\/girois-2024-1024x724.jpg 1024w, https:\/\/lavisdartiste.com\/wp-content\/uploads\/2024\/09\/girois-2024-300x212.jpg 300w, https:\/\/lavisdartiste.com\/wp-content\/uploads\/2024\/09\/girois-2024-1536x1086.jpg 1536w, https:\/\/lavisdartiste.com\/wp-content\/uploads\/2024\/09\/girois-2024-2048x1448.jpg 2048w\" sizes=\"auto, (max-width: 1024px) 100vw, 1024px\" \/><\/figure>\n\n\n\n<figure class=\"wp-block-image size-large\"><img loading=\"lazy\" decoding=\"async\" width=\"724\" height=\"1024\" src=\"https:\/\/lavisdartiste.com\/wp-content\/uploads\/2023\/09\/A4-St-Ceneri-2023-1-724x1024.jpg\" alt=\"\" class=\"wp-image-1288\" srcset=\"https:\/\/lavisdartiste.com\/wp-content\/uploads\/2023\/09\/A4-St-Ceneri-2023-1-724x1024.jpg 724w, https:\/\/lavisdartiste.com\/wp-content\/uploads\/2023\/09\/A4-St-Ceneri-2023-1-212x300.jpg 212w, https:\/\/lavisdartiste.com\/wp-content\/uploads\/2023\/09\/A4-St-Ceneri-2023-1-1086x1536.jpg 1086w, https:\/\/lavisdartiste.com\/wp-content\/uploads\/2023\/09\/A4-St-Ceneri-2023-1-1448x2048.jpg 1448w, https:\/\/lavisdartiste.com\/wp-content\/uploads\/2023\/09\/A4-St-Ceneri-2023-1-scaled.jpg 1810w\" sizes=\"auto, (max-width: 724px) 100vw, 724px\" \/><\/figure>\n\n\n\n<figure class=\"wp-block-image size-large\"><img loading=\"lazy\" decoding=\"async\" width=\"724\" height=\"1024\" src=\"https:\/\/lavisdartiste.com\/wp-content\/uploads\/2023\/09\/affiche-2023-724x1024.jpg\" alt=\"\" class=\"wp-image-1284\" srcset=\"https:\/\/lavisdartiste.com\/wp-content\/uploads\/2023\/09\/affiche-2023-724x1024.jpg 724w, https:\/\/lavisdartiste.com\/wp-content\/uploads\/2023\/09\/affiche-2023-212x300.jpg 212w, https:\/\/lavisdartiste.com\/wp-content\/uploads\/2023\/09\/affiche-2023-1086x1536.jpg 1086w, https:\/\/lavisdartiste.com\/wp-content\/uploads\/2023\/09\/affiche-2023-1448x2048.jpg 1448w, https:\/\/lavisdartiste.com\/wp-content\/uploads\/2023\/09\/affiche-2023-scaled.jpg 1810w\" sizes=\"auto, (max-width: 724px) 100vw, 724px\" \/><\/figure>\n\n\n\n<p><\/p>\n\n\n\n<p><\/p>\n\n\n\n<figure class=\"wp-block-image size-large\"><img loading=\"lazy\" decoding=\"async\" width=\"723\" height=\"1024\" src=\"https:\/\/lavisdartiste.com\/wp-content\/uploads\/2023\/03\/AfficheExpoPeinture-723x1024.jpg\" alt=\"\" class=\"wp-image-1251\" srcset=\"https:\/\/lavisdartiste.com\/wp-content\/uploads\/2023\/03\/AfficheExpoPeinture-723x1024.jpg 723w, https:\/\/lavisdartiste.com\/wp-content\/uploads\/2023\/03\/AfficheExpoPeinture-212x300.jpg 212w, https:\/\/lavisdartiste.com\/wp-content\/uploads\/2023\/03\/AfficheExpoPeinture-1084x1536.jpg 1084w, https:\/\/lavisdartiste.com\/wp-content\/uploads\/2023\/03\/AfficheExpoPeinture-1445x2048.jpg 1445w, https:\/\/lavisdartiste.com\/wp-content\/uploads\/2023\/03\/AfficheExpoPeinture-scaled.jpg 1807w\" sizes=\"auto, (max-width: 723px) 100vw, 723px\" \/><\/figure>\n\n\n\n<p><\/p>\n\n\n\n<p><\/p>\n\n\n\n<figure class=\"wp-block-image\"><img loading=\"lazy\" decoding=\"async\" width=\"707\" height=\"1024\" src=\"https:\/\/lavisdartiste.com\/wp-content\/uploads\/2019\/05\/FLYER-Journ\u00e9e-peinture-1-707x1024.jpg\" alt=\"\" class=\"wp-image-881\" srcset=\"https:\/\/lavisdartiste.com\/wp-content\/uploads\/2019\/05\/FLYER-Journ\u00e9e-peinture-1-707x1024.jpg 707w, https:\/\/lavisdartiste.com\/wp-content\/uploads\/2019\/05\/FLYER-Journ\u00e9e-peinture-1-207x300.jpg 207w, https:\/\/lavisdartiste.com\/wp-content\/uploads\/2019\/05\/FLYER-Journ\u00e9e-peinture-1.jpg 1240w\" sizes=\"auto, (max-width: 707px) 100vw, 707px\" \/><figcaption class=\"wp-element-caption\">Exposition lors de la journ\u00e9e peinture des scouts de France<\/figcaption><\/figure>\n\n\n<h1><a href=\"https:\/\/lavisdartiste.com\/wp-content\/uploads\/2018\/08\/A4-St-Ceneri.jpg\"><img loading=\"lazy\" decoding=\"async\" class=\"alignnone size-large wp-image-775\" src=\"https:\/\/lavisdartiste.com\/wp-content\/uploads\/2018\/08\/A4-St-Ceneri-710x1024.jpg\" alt=\"\" width=\"474\" height=\"684\" srcset=\"https:\/\/lavisdartiste.com\/wp-content\/uploads\/2018\/08\/A4-St-Ceneri-710x1024.jpg 710w, https:\/\/lavisdartiste.com\/wp-content\/uploads\/2018\/08\/A4-St-Ceneri-208x300.jpg 208w, https:\/\/lavisdartiste.com\/wp-content\/uploads\/2018\/08\/A4-St-Ceneri.jpg 1961w\" sizes=\"auto, (max-width: 474px) 100vw, 474px\" \/><\/a><\/h1>\n<hr>\n<p><span style=\"color: #ff0000;\"><strong>Rencontre des peintres<\/strong><\/span><\/p>\n<p>&nbsp;\n<\/p>\n<h1 style=\"text-align: center;\"><span style=\"color: #ff0000;\"><strong>St C\u00e9neri le Gerei<\/strong><\/span><\/h1>\n<h4 style=\"text-align: center;\"><span style=\"color: #000080;\">Le 14, 15 et 16 Mai 2016<\/span><\/h4>\n<p>&nbsp;<\/p>\n<p><img loading=\"lazy\" decoding=\"async\" class=\"wp-image-365 alignleft\" src=\"https:\/\/lavisdartiste.com\/wp-content\/uploads\/2016\/05\/St-Ceneri-2-227x300.jpg\" alt=\"St C\u00e9neri\" width=\"213\" height=\"282\"><\/p>\n<p><img loading=\"lazy\" decoding=\"async\" class=\" wp-image-370\" src=\"https:\/\/lavisdartiste.com\/wp-content\/uploads\/2015\/06\/St-Ceneri-1-216x300.jpg\" alt=\"SONY DSC\" width=\"210\" height=\"292\" srcset=\"https:\/\/lavisdartiste.com\/wp-content\/uploads\/2015\/06\/St-Ceneri-1-216x300.jpg 216w, https:\/\/lavisdartiste.com\/wp-content\/uploads\/2015\/06\/St-Ceneri-1-736x1024.jpg 736w\" sizes=\"auto, (max-width: 210px) 100vw, 210px\" \/>\n<\/p>\n<h1 style=\"text-align: left;\">\u2026 un tr\u00e8s grand merci aux personnes rencontr\u00e9es pendant ces 3 jours !<\/h1>\n<p>&nbsp;<\/p>\n<hr>\n<p>&nbsp;\n<\/p>\n<h1 style=\"text-align: center;\">Aquarelles et encres&nbsp;de Charles RUEL<\/h1>\n<h1 style=\"text-align: center;\"><span style=\"color: #008000;\">Hall de la Mairie<\/span><br \/>\n<span style=\"color: #008000;\">de&nbsp;Cond\u00e9 sur sarthe<\/span><\/h1>\n<h4 style=\"text-align: center;\">Exposition du 11 au 29 janvier &nbsp;2016<\/h4>\n<p>&nbsp;<\/p>\n<p><a href=\"https:\/\/lavisdartiste.com\/wp-content\/uploads\/2015\/06\/Affiche.jpg\"><img loading=\"lazy\" decoding=\"async\" class=\"alignnone size-large wp-image-286\" src=\"https:\/\/lavisdartiste.com\/wp-content\/uploads\/2015\/06\/Affiche-724x1024.jpg\" alt=\"Affiche\" width=\"474\" height=\"670\"><\/a><\/p>\n<p>&nbsp;<\/p>\n<hr>\n<p>&nbsp;<\/p>\n<p>&nbsp;<\/p>\n<p>&nbsp;<\/p>\n<p>&nbsp;<\/p>","protected":false},"excerpt":{"rendered":"<p>Rencontre des peintres &nbsp; St C\u00e9neri le Gerei Le 14, 15 et 16 Mai 2016 &nbsp; \u2026 un tr\u00e8s grand merci aux personnes rencontr\u00e9es pendant ces 3 jours ! &nbsp; &nbsp; Aquarelles et encres&nbsp;de Charles RUEL Hall de la Mairie de&nbsp;Cond\u00e9 sur sarthe Exposition du 11 au 29 janvier &nbsp;2016 &nbsp; &nbsp; &nbsp; &nbsp; &nbsp; &hellip; <a href=\"https:\/\/lavisdartiste.com\/?page_id=53\" class=\"more-link\">Continuer la lecture de <span class=\"screen-reader-text\">Expositions<\/span>  <span class=\"meta-nav\">&rarr;<\/span><\/a><\/p>\n","protected":false},"author":1,"featured_media":0,"parent":0,"menu_order":0,"comment_status":"closed","ping_status":"closed","template":"","meta":{"footnotes":""},"class_list":["post-53","page","type-page","status-publish","hentry"],"_links":{"self":[{"href":"https:\/\/lavisdartiste.com\/index.php?rest_route=\/wp\/v2\/pages\/53","targetHints":{"allow":["GET"]}}],"collection":[{"href":"https:\/\/lavisdartiste.com\/index.php?rest_route=\/wp\/v2\/pages"}],"about":[{"href":"https:\/\/lavisdartiste.com\/index.php?rest_route=\/wp\/v2\/types\/page"}],"author":[{"embeddable":true,"href":"https:\/\/lavisdartiste.com\/index.php?rest_route=\/wp\/v2\/users\/1"}],"replies":[{"embeddable":true,"href":"https:\/\/lavisdartiste.com\/index.php?rest_route=%2Fwp%2Fv2%2Fcomments&post=53"}],"version-history":[{"count":26,"href":"https:\/\/lavisdartiste.com\/index.php?rest_route=\/wp\/v2\/pages\/53\/revisions"}],"predecessor-version":[{"id":1348,"href":"https:\/\/lavisdartiste.com\/index.php?rest_route=\/wp\/v2\/pages\/53\/revisions\/1348"}],"wp:attachment":[{"href":"https:\/\/lavisdartiste.com\/index.php?rest_route=%2Fwp%2Fv2%2Fmedia&parent=53"}],"curies":[{"name":"wp","href":"https:\/\/api.w.org\/{rel}","templated":true}]}}