{"id":59,"date":"2015-06-24T19:30:32","date_gmt":"2015-06-24T19:30:32","guid":{"rendered":"http:\/\/lavisdartiste.com\/?page_id=59"},"modified":"2018-03-17T20:02:49","modified_gmt":"2018-03-17T20:02:49","slug":"etapes-par-etapes","status":"publish","type":"page","link":"https:\/\/lavisdartiste.com\/?page_id=59","title":{"rendered":"\u00c9tapes par \u00e9tapes"},"content":{"rendered":"<p>&nbsp;<\/p>\n<h5><strong><span style=\"color: #993366;\">Cette rubrique est l\u00e0 pour vous aider<br \/>\n\u00e0 r\u00e9aliser vos premi\u00e8res \u0153uvres.<br \/>\nEn cliquant sur les liens,<br \/>\nvous pouvez t\u00e9l\u00e9charger les fichiers<br \/>\nafin de suivre les diff\u00e9rentes \u00e9tapes pour leur r\u00e9alisations.<\/span><\/strong><\/h5>\n<h5><strong><span style=\"color: #993366;\"><br \/>\nA utiliser sans mod\u00e9ration !<\/span><\/strong><\/h5>\n<h6 style=\"text-align: left;\"><span style=\"color: #339966;\">Printemps aux Lu\u00e7onni\u00e8res<br \/>\n<\/span><\/h6>\n<p><a href=\"https:\/\/lavisdartiste.com\/wp-content\/uploads\/2015\/06\/printemps-aux-Luconnieres.jpg\"><img loading=\"lazy\" decoding=\"async\" class=\"alignnone wp-image-695 size-medium\" src=\"https:\/\/lavisdartiste.com\/wp-content\/uploads\/2015\/06\/printemps-aux-Luconnieres-300x200.jpg\" alt=\"\" width=\"300\" height=\"200\" srcset=\"https:\/\/lavisdartiste.com\/wp-content\/uploads\/2015\/06\/printemps-aux-Luconnieres-300x200.jpg 300w, https:\/\/lavisdartiste.com\/wp-content\/uploads\/2015\/06\/printemps-aux-Luconnieres-1024x683.jpg 1024w\" sizes=\"auto, (max-width: 300px) 100vw, 300px\" \/><\/a><\/p>\n<p>T\u00e9l\u00e9charger le fichier \u00e9tapes par \u00e9tapes<br \/>\n<a href=\"https:\/\/lavisdartiste.com\/wp-content\/uploads\/2015\/06\/etapes-par-etapes-les-luconnieres.pdf\">etapes par etapes les luconnieres<\/a><\/p>\n<h5><\/h5>\n<hr \/>\n<h6 style=\"text-align: left;\"><span style=\"color: #339966;\">Dune et ganivelle \u00e9tape par \u00e9tape<\/span><\/h6>\n<p><a href=\"https:\/\/lavisdartiste.com\/wp-content\/uploads\/2015\/06\/dune-et-ganivelle.jpg\"><img loading=\"lazy\" decoding=\"async\" class=\"wp-image-512 size-medium\" src=\"https:\/\/lavisdartiste.com\/wp-content\/uploads\/2015\/06\/dune-et-ganivelle-300x200.jpg\" width=\"300\" height=\"200\" srcset=\"https:\/\/lavisdartiste.com\/wp-content\/uploads\/2015\/06\/dune-et-ganivelle-300x200.jpg 300w, https:\/\/lavisdartiste.com\/wp-content\/uploads\/2015\/06\/dune-et-ganivelle-1024x683.jpg 1024w\" sizes=\"auto, (max-width: 300px) 100vw, 300px\" \/><\/a><\/p>\n<p>T\u00e9l\u00e9charger le fichier \u00e9tapes par \u00e9tapes<br \/>\n<a href=\"https:\/\/lavisdartiste.com\/wp-content\/uploads\/2015\/06\/etapes-par-etapes-dune-et-ganivelle.pdf\">etapes par etapes dune et ganivelle<\/a><\/p>\n<hr \/>\n<h6 style=\"text-align: left;\"><a href=\"https:\/\/lavisdartiste.com\/wp-content\/uploads\/2015\/06\/Sous-bois-etape-par-etape.pdf\">Sous bois \u00e9tape par \u00e9tape<\/a><\/h6>\n<p><a href=\"https:\/\/lavisdartiste.com\/wp-content\/uploads\/2015\/06\/sous-bois.jpg\"><img loading=\"lazy\" decoding=\"async\" class=\"size-medium wp-image-275\" src=\"https:\/\/lavisdartiste.com\/wp-content\/uploads\/2015\/06\/sous-bois-300x209.jpg\" alt=\"SONY DSC\" width=\"300\" height=\"209\" srcset=\"https:\/\/lavisdartiste.com\/wp-content\/uploads\/2015\/06\/sous-bois-300x209.jpg 300w, https:\/\/lavisdartiste.com\/wp-content\/uploads\/2015\/06\/sous-bois-1024x715.jpg 1024w\" sizes=\"auto, (max-width: 300px) 100vw, 300px\" \/><\/a><\/p>\n<p>T\u00e9l\u00e9charger le fichier \u00e9tapes par \u00e9tapes.<br \/>\n<span style=\"text-decoration: underline;\"><a href=\"https:\/\/lavisdartiste.com\/wp-content\/uploads\/2015\/06\/Sous-bois-etape-par-etape.pdf\">Sous bois etape par etape.pdf<\/a><\/span><\/p>\n<hr \/>\n<h6 style=\"text-align: left;\"><a href=\"https:\/\/lavisdartiste.com\/wp-content\/uploads\/2015\/06\/petite-cour-a-Alencon.png\"><img loading=\"lazy\" decoding=\"async\" class=\"alignnone size-medium wp-image-61\" src=\"https:\/\/lavisdartiste.com\/wp-content\/uploads\/2015\/06\/petite-cour-a-Alencon-300x229.png\" alt=\"petite cour a Alencon\" width=\"300\" height=\"229\" srcset=\"https:\/\/lavisdartiste.com\/wp-content\/uploads\/2015\/06\/petite-cour-a-Alencon-300x229.png 300w, https:\/\/lavisdartiste.com\/wp-content\/uploads\/2015\/06\/petite-cour-a-Alencon.png 550w\" sizes=\"auto, (max-width: 300px) 100vw, 300px\" \/><\/a><\/h6>\n<p>Petite cours \u00e0 Alen\u00e7on<\/p>\n<p>T\u00e9l\u00e9charger le fichier \u00e9tapes par \u00e9tapes.\u00a0 <span style=\"text-decoration: underline;\"><a href=\"https:\/\/lavisdartiste.com\/wp-content\/uploads\/2015\/06\/cours-rue-ensoleillee.pdf\">cours rue ensoleillee<\/a><\/span><\/p>\n<hr \/>\n<p>&nbsp;<\/p>\n<p><a href=\"https:\/\/lavisdartiste.com\/wp-content\/uploads\/2015\/06\/cabines-de-plage.png\"><img loading=\"lazy\" decoding=\"async\" class=\"alignnone size-medium wp-image-63\" src=\"https:\/\/lavisdartiste.com\/wp-content\/uploads\/2015\/06\/cabines-de-plage-300x196.png\" alt=\"cabines de plage\" width=\"300\" height=\"196\" srcset=\"https:\/\/lavisdartiste.com\/wp-content\/uploads\/2015\/06\/cabines-de-plage-300x196.png 300w, https:\/\/lavisdartiste.com\/wp-content\/uploads\/2015\/06\/cabines-de-plage.png 550w\" sizes=\"auto, (max-width: 300px) 100vw, 300px\" \/><\/a><\/p>\n<p>Cabines de plage<\/p>\n<p>T\u00e9l\u00e9charger le fichier \u00e9tapes par \u00e9tapes.\u00a0 <span style=\"text-decoration: underline;\"><a href=\"https:\/\/lavisdartiste.com\/wp-content\/uploads\/2015\/06\/cours-cabines-de-plage.pdf\">cours cabines de plage<\/a><\/span><\/p>\n<hr \/>\n<p>&nbsp;<\/p>\n<p><a href=\"https:\/\/lavisdartiste.com\/wp-content\/uploads\/2015\/06\/Pierrier-en-Chaumont.png\"><img loading=\"lazy\" decoding=\"async\" class=\"alignnone size-medium wp-image-65\" src=\"https:\/\/lavisdartiste.com\/wp-content\/uploads\/2015\/06\/Pierrier-en-Chaumont-300x213.png\" alt=\"Pierrier en Chaumont\" width=\"300\" height=\"213\" \/><\/a><\/p>\n<p>Pierrier en Chaumont<\/p>\n<p>T\u00e9l\u00e9charger le fichier \u00e9tapes par \u00e9tapes.\u00a0 <span style=\"text-decoration: underline;\"><a href=\"https:\/\/lavisdartiste.com\/wp-content\/uploads\/2015\/06\/Pierrier-en-Chaumont.pdf\">Pierrier en Chaumont<\/a><\/span><\/p>\n<hr \/>\n<p>&nbsp;<\/p>\n<p>&nbsp;<\/p>\n","protected":false},"excerpt":{"rendered":"<p>&nbsp; Cette rubrique est l\u00e0 pour vous aider \u00e0 r\u00e9aliser vos premi\u00e8res \u0153uvres. En cliquant sur les liens, vous pouvez t\u00e9l\u00e9charger les fichiers afin de suivre les diff\u00e9rentes \u00e9tapes pour leur r\u00e9alisations. A utiliser sans mod\u00e9ration ! Printemps aux Lu\u00e7onni\u00e8res T\u00e9l\u00e9charger le fichier \u00e9tapes par \u00e9tapes etapes par etapes les luconnieres Dune et ganivelle \u00e9tape &hellip; <a href=\"https:\/\/lavisdartiste.com\/?page_id=59\" class=\"more-link\">Continuer la lecture de <span class=\"screen-reader-text\">\u00c9tapes par \u00e9tapes<\/span>  <span class=\"meta-nav\">&rarr;<\/span><\/a><\/p>\n","protected":false},"author":1,"featured_media":0,"parent":0,"menu_order":0,"comment_status":"open","ping_status":"open","template":"","meta":{"footnotes":""},"class_list":["post-59","page","type-page","status-publish","hentry"],"_links":{"self":[{"href":"https:\/\/lavisdartiste.com\/index.php?rest_route=\/wp\/v2\/pages\/59","targetHints":{"allow":["GET"]}}],"collection":[{"href":"https:\/\/lavisdartiste.com\/index.php?rest_route=\/wp\/v2\/pages"}],"about":[{"href":"https:\/\/lavisdartiste.com\/index.php?rest_route=\/wp\/v2\/types\/page"}],"author":[{"embeddable":true,"href":"https:\/\/lavisdartiste.com\/index.php?rest_route=\/wp\/v2\/users\/1"}],"replies":[{"embeddable":true,"href":"https:\/\/lavisdartiste.com\/index.php?rest_route=%2Fwp%2Fv2%2Fcomments&post=59"}],"version-history":[{"count":9,"href":"https:\/\/lavisdartiste.com\/index.php?rest_route=\/wp\/v2\/pages\/59\/revisions"}],"predecessor-version":[{"id":696,"href":"https:\/\/lavisdartiste.com\/index.php?rest_route=\/wp\/v2\/pages\/59\/revisions\/696"}],"wp:attachment":[{"href":"https:\/\/lavisdartiste.com\/index.php?rest_route=%2Fwp%2Fv2%2Fmedia&parent=59"}],"curies":[{"name":"wp","href":"https:\/\/api.w.org\/{rel}","templated":true}]}}